{"id":8380,"date":"2023-08-28T21:51:27","date_gmt":"2023-08-28T21:51:27","guid":{"rendered":"https:\/\/www.cotejardin.com\/privacy-policy\/"},"modified":"2025-07-01T14:45:57","modified_gmt":"2025-07-01T14:45:57","slug":"privacy-policy","status":"publish","type":"page","link":"https:\/\/www.cotejardin.com\/en\/privacy-policy\/","title":{"rendered":"Privacy policy"},"content":{"rendered":"\t\t<div data-elementor-type=\"wp-page\" data-elementor-id=\"8380\" class=\"elementor elementor-8380\">\n\t\t\t\t\t\t<section class=\"elementor-section elementor-top-section elementor-element elementor-element-ff57f33 elementor-section-boxed elementor-section-height-default elementor-section-height-default\" data-id=\"ff57f33\" data-element_type=\"section\" data-e-type=\"section\">\n\t\t\t\t\t\t<div class=\"elementor-container elementor-column-gap-default\">\n\t\t\t\t\t<div class=\"elementor-column elementor-col-100 elementor-top-column elementor-element elementor-element-24678d85 ot-flex-column-vertical\" data-id=\"24678d85\" data-element_type=\"column\" data-e-type=\"column\">\n\t\t\t<div class=\"elementor-widget-wrap elementor-element-populated\">\n\t\t\t\t\t\t<div class=\"elementor-element elementor-element-1f7368d3 elementor-widget elementor-widget-text-editor\" data-id=\"1f7368d3\" data-element_type=\"widget\" data-e-type=\"widget\" data-widget_type=\"text-editor.default\">\n\t\t\t\t<div class=\"elementor-widget-container\">\n\t\t\t\t\t\t\t\t\t<div class=\"boldgrid-section\">\n<div class=\"container\">\n<div class=\"row\">\n<div class=\"col-lg-12 col-md-12 col-xs-12 col-sm-12\">\n\n&nbsp;\n\n<\/div>\n<\/div>\n<\/div>\n<\/div>\t\t\t\t\t\t\t\t<\/div>\n\t\t\t\t<\/div>\n\t\t\t\t\t<\/div>\n\t\t<\/div>\n\t\t\t\t\t<\/div>\n\t\t<\/section>\n\t\t\t\t<section class=\"elementor-section elementor-top-section elementor-element elementor-element-7878d7c elementor-section-boxed elementor-section-height-default elementor-section-height-default\" data-id=\"7878d7c\" data-element_type=\"section\" data-e-type=\"section\">\n\t\t\t\t\t\t<div class=\"elementor-container elementor-column-gap-default\">\n\t\t\t\t\t<div class=\"elementor-column elementor-col-100 elementor-top-column elementor-element elementor-element-51f2716 ot-flex-column-vertical\" data-id=\"51f2716\" data-element_type=\"column\" data-e-type=\"column\">\n\t\t\t<div class=\"elementor-widget-wrap\">\n\t\t\t\t\t\t\t<\/div>\n\t\t<\/div>\n\t\t\t\t\t<\/div>\n\t\t<\/section>\n\t\t\t\t<section class=\"elementor-section elementor-top-section elementor-element elementor-element-fa27478 elementor-section-boxed elementor-section-height-default elementor-section-height-default\" data-id=\"fa27478\" data-element_type=\"section\" data-e-type=\"section\">\n\t\t\t\t\t\t<div class=\"elementor-container elementor-column-gap-default\">\n\t\t\t\t\t<div class=\"elementor-column elementor-col-100 elementor-top-column elementor-element elementor-element-3ab104f ot-flex-column-vertical\" data-id=\"3ab104f\" data-element_type=\"column\" data-e-type=\"column\">\n\t\t\t<div class=\"elementor-widget-wrap elementor-element-populated\">\n\t\t\t\t\t\t<div class=\"elementor-element elementor-element-d134138 elementor-widget elementor-widget-text-editor\" data-id=\"d134138\" data-element_type=\"widget\" data-e-type=\"widget\" data-widget_type=\"text-editor.default\">\n\t\t\t\t<div class=\"elementor-widget-container\">\n\t\t\t\t\t\t\t\t\t<div class=\"page\" title=\"Page 1\">\n<div class=\"layoutArea\">\n<div class=\"column\">\n<p>Jean-PatrickThis policy describes our practices regarding the collection and processing of your personal information. We have included information on how we protect your privacy and your rights regarding your personal information.<\/p>\n<p>Our commitment<\/p>\n<p>With the development of new communication tools, we need to pay particular attention to the protection of privacy. Ame\u0301nagement co\u0302te\u0301 jardin inc. (&#8220;Am\u00e9nagement c\u00f4t\u00e9 jardin&#8221;, &#8220;we&#8221;, &#8220;us&#8221; or &#8220;our&#8221;) is committed to respecting the privacy of its employees, suppliers and customers. This is why we are committed to respecting the confidentiality of any personal information we collect or that you entrust to us: whether via our website and social media, by e-mail or by any other means.<\/p>\n<p>Our responsibility in collecting personal information<\/p>\n<p>The personal information we collect is limited and is gathered through forms you fill out and through the interactivity established between you and our Web site. We also use cookies, which are small files stored either on your computer or on your mobile phone or tablet, to collect information about you. Such as :<\/p>\n<p>\u2794 Name;<\/p>\n<p>\u2794 Mailing address;<\/p>\n<p>\u2794 Postal code;<\/p>\n<p>\u2794 E-mail address;<\/p>\n<p>\u2794 Phone number;<\/p>\n<p>\u2794 Information about your work experience, as well as your education when you apply.<\/p>\n<\/div>\n<\/div>\n<\/div>\n<div class=\"page\" title=\"Page 2\">\n<div class=\"layoutArea\">\n<div class=\"column\">\n<p>We use or retain your information only for the purposes for which it was collected, unless you consent to other uses. The purpose is to facilitate our work when we provide you with services, for communications, in the processing of a job application, in the management of our website or for government requests required by law.<\/p>\n<p><strong>Safety measures<\/strong><\/p>\n<p>The personal information we collect is kept in a secure environment to which only authorized persons have access. The people working for us are required to respect the confidentiality of your information at all times.<\/p>\n<p>To ensure the security of your personal information, we use the following measures:<\/p>\n<p>\u2794 Access management &#8211; authorized person<\/p>\n<p>\u2794 Network monitoring software<\/p>\n<p>\u2794 Computer backup<\/p>\n<p>\u2794 Login \/ password<\/p>\n<p>We are committed to maintaining a high level of confidentiality by integrating the latest technological innovations to ensure the confidentiality of your data. However, since no mechanism offers perfect security, there is always a degree of risk involved when using the Internet to transmit personal information.<\/p>\n<p>Your consent<\/p>\n<p>By communicating with us via our platforms, you consent to the collection and use of your personal information. We respect your right to access your personal information, so you will always be able to view, modify or delete your information, subject to applicable legal restrictions.<\/p>\n<\/div>\n<\/div>\n<\/div>\n<div class=\"page\" title=\"Page 3\">\n<div class=\"layoutArea\">\n<div class=\"column\">\n<p>How to reach us<\/p>\n<p>If you have any questions, concerns or complaints about how we handle your personal information, please contact our Privacy Officer:<\/p>\n<p>\u2794 Contact : Jean-Patrick Blanchette, President-general manager<\/p>\n<p>\u2794 Email : info@cotejardin.com<\/p>\n<\/div>\n<\/div>\n<\/div>\t\t\t\t\t\t\t\t<\/div>\n\t\t\t\t<\/div>\n\t\t\t\t\t<\/div>\n\t\t<\/div>\n\t\t\t\t\t<\/div>\n\t\t<\/section>\n\t\t\t\t<\/div>\n\t\t","protected":false},"excerpt":{"rendered":"<p>&nbsp; Jean-PatrickThis policy describes our practices regarding the collection and processing of your personal information. We have included information on how we protect your privacy and your rights regarding your personal information. Our commitment With the development of new communication tools, we need to pay particular attention to the protection of privacy. Ame\u0301nagement co\u0302te\u0301 jardin [&hellip;]<\/p>\n","protected":false},"author":2,"featured_media":0,"parent":0,"menu_order":0,"comment_status":"closed","ping_status":"closed","template":"","meta":{"bgseo_title":"","bgseo_description":"","bgseo_robots_index":"","bgseo_robots_follow":"","footnotes":""},"class_list":["post-8380","page","type-page","status-publish","hentry"],"acf":[],"yoast_head":"<!-- This site is optimized with the Yoast SEO plugin v27.2 - https:\/\/yoast.com\/product\/yoast-seo-wordpress\/ -->\n<title>Privacy policy | Am\u00e9nagement C\u00f4t\u00e9 Jardin<\/title>\n<meta name=\"robots\" content=\"index, follow, max-snippet:-1, max-image-preview:large, max-video-preview:-1\" \/>\n<link rel=\"canonical\" href=\"https:\/\/www.cotejardin.com\/en\/privacy-policy\/\" \/>\n<meta property=\"og:locale\" content=\"en_US\" \/>\n<meta property=\"og:type\" content=\"article\" \/>\n<meta property=\"og:title\" content=\"Privacy policy | Am\u00e9nagement C\u00f4t\u00e9 Jardin\" \/>\n<meta property=\"og:description\" content=\"&nbsp; Jean-PatrickThis policy describes our practices regarding the collection and processing of your personal information. We have included information on how we protect your privacy and your rights regarding your personal information. Our commitment With the development of new communication tools, we need to pay particular attention to the protection of privacy. Ame\u0301nagement co\u0302te\u0301 jardin [&hellip;]\" \/>\n<meta property=\"og:url\" content=\"https:\/\/www.cotejardin.com\/en\/privacy-policy\/\" \/>\n<meta property=\"og:site_name\" content=\"Am\u00e9nagement C\u00f4t\u00e9 Jardin\" \/>\n<meta property=\"article:publisher\" content=\"https:\/\/www.facebook.com\/profile.php?id=100063735901557\" \/>\n<meta property=\"article:modified_time\" content=\"2025-07-01T14:45:57+00:00\" \/>\n<meta name=\"twitter:card\" content=\"summary_large_image\" \/>\n<meta name=\"twitter:label1\" content=\"Est. reading time\" \/>\n\t<meta name=\"twitter:data1\" content=\"2 minutes\" \/>\n<script type=\"application\/ld+json\" class=\"yoast-schema-graph\">{\"@context\":\"https:\/\/schema.org\",\"@graph\":[{\"@type\":\"WebPage\",\"@id\":\"https:\/\/www.cotejardin.com\/en\/privacy-policy\/\",\"url\":\"https:\/\/www.cotejardin.com\/en\/privacy-policy\/\",\"name\":\"Privacy policy | Am\u00e9nagement C\u00f4t\u00e9 Jardin\",\"isPartOf\":{\"@id\":\"https:\/\/www.cotejardin.com\/#website\"},\"datePublished\":\"2023-08-28T21:51:27+00:00\",\"dateModified\":\"2025-07-01T14:45:57+00:00\",\"breadcrumb\":{\"@id\":\"https:\/\/www.cotejardin.com\/en\/privacy-policy\/#breadcrumb\"},\"inLanguage\":\"en-US\",\"potentialAction\":[{\"@type\":\"ReadAction\",\"target\":[\"https:\/\/www.cotejardin.com\/en\/privacy-policy\/\"]}]},{\"@type\":\"BreadcrumbList\",\"@id\":\"https:\/\/www.cotejardin.com\/en\/privacy-policy\/#breadcrumb\",\"itemListElement\":[{\"@type\":\"ListItem\",\"position\":1,\"name\":\"Accueil\",\"item\":\"https:\/\/www.cotejardin.com\/en\/home-1\/\"},{\"@type\":\"ListItem\",\"position\":2,\"name\":\"Privacy policy\"}]},{\"@type\":\"WebSite\",\"@id\":\"https:\/\/www.cotejardin.com\/#website\",\"url\":\"https:\/\/www.cotejardin.com\/\",\"name\":\"Am\u00e9nagement C\u00f4t\u00e9 Jardin\",\"description\":\"Am\u00e9nagement paysager commercial, public et institutionnel\",\"publisher\":{\"@id\":\"https:\/\/www.cotejardin.com\/#organization\"},\"potentialAction\":[{\"@type\":\"SearchAction\",\"target\":{\"@type\":\"EntryPoint\",\"urlTemplate\":\"https:\/\/www.cotejardin.com\/?s={search_term_string}\"},\"query-input\":{\"@type\":\"PropertyValueSpecification\",\"valueRequired\":true,\"valueName\":\"search_term_string\"}}],\"inLanguage\":\"en-US\"},{\"@type\":\"Organization\",\"@id\":\"https:\/\/www.cotejardin.com\/#organization\",\"name\":\"Am\u00e9nagement C\u00f4t\u00e9 Jardin\",\"url\":\"https:\/\/www.cotejardin.com\/\",\"logo\":{\"@type\":\"ImageObject\",\"inLanguage\":\"en-US\",\"@id\":\"https:\/\/www.cotejardin.com\/#\/schema\/logo\/image\/\",\"url\":\"https:\/\/www.cotejardin.com\/wp-content\/uploads\/2020\/08\/cote_jardin_vertical_logo_couleurs_rvb_2000px@72ppi.png\",\"contentUrl\":\"https:\/\/www.cotejardin.com\/wp-content\/uploads\/2020\/08\/cote_jardin_vertical_logo_couleurs_rvb_2000px@72ppi.png\",\"width\":2000,\"height\":1128,\"caption\":\"Am\u00e9nagement C\u00f4t\u00e9 Jardin\"},\"image\":{\"@id\":\"https:\/\/www.cotejardin.com\/#\/schema\/logo\/image\/\"},\"sameAs\":[\"https:\/\/www.facebook.com\/profile.php?id=100063735901557\",\"https:\/\/www.linkedin.com\/company\/amenagement-cote-jardin-inc\/\"]}]}<\/script>\n<!-- \/ Yoast SEO plugin. -->","yoast_head_json":{"title":"Privacy policy | Am\u00e9nagement C\u00f4t\u00e9 Jardin","robots":{"index":"index","follow":"follow","max-snippet":"max-snippet:-1","max-image-preview":"max-image-preview:large","max-video-preview":"max-video-preview:-1"},"canonical":"https:\/\/www.cotejardin.com\/en\/privacy-policy\/","og_locale":"en_US","og_type":"article","og_title":"Privacy policy | Am\u00e9nagement C\u00f4t\u00e9 Jardin","og_description":"&nbsp; Jean-PatrickThis policy describes our practices regarding the collection and processing of your personal information. We have included information on how we protect your privacy and your rights regarding your personal information. Our commitment With the development of new communication tools, we need to pay particular attention to the protection of privacy. Ame\u0301nagement co\u0302te\u0301 jardin [&hellip;]","og_url":"https:\/\/www.cotejardin.com\/en\/privacy-policy\/","og_site_name":"Am\u00e9nagement C\u00f4t\u00e9 Jardin","article_publisher":"https:\/\/www.facebook.com\/profile.php?id=100063735901557","article_modified_time":"2025-07-01T14:45:57+00:00","twitter_card":"summary_large_image","twitter_misc":{"Est. reading time":"2 minutes"},"schema":{"@context":"https:\/\/schema.org","@graph":[{"@type":"WebPage","@id":"https:\/\/www.cotejardin.com\/en\/privacy-policy\/","url":"https:\/\/www.cotejardin.com\/en\/privacy-policy\/","name":"Privacy policy | Am\u00e9nagement C\u00f4t\u00e9 Jardin","isPartOf":{"@id":"https:\/\/www.cotejardin.com\/#website"},"datePublished":"2023-08-28T21:51:27+00:00","dateModified":"2025-07-01T14:45:57+00:00","breadcrumb":{"@id":"https:\/\/www.cotejardin.com\/en\/privacy-policy\/#breadcrumb"},"inLanguage":"en-US","potentialAction":[{"@type":"ReadAction","target":["https:\/\/www.cotejardin.com\/en\/privacy-policy\/"]}]},{"@type":"BreadcrumbList","@id":"https:\/\/www.cotejardin.com\/en\/privacy-policy\/#breadcrumb","itemListElement":[{"@type":"ListItem","position":1,"name":"Accueil","item":"https:\/\/www.cotejardin.com\/en\/home-1\/"},{"@type":"ListItem","position":2,"name":"Privacy policy"}]},{"@type":"WebSite","@id":"https:\/\/www.cotejardin.com\/#website","url":"https:\/\/www.cotejardin.com\/","name":"Am\u00e9nagement C\u00f4t\u00e9 Jardin","description":"Am\u00e9nagement paysager commercial, public et institutionnel","publisher":{"@id":"https:\/\/www.cotejardin.com\/#organization"},"potentialAction":[{"@type":"SearchAction","target":{"@type":"EntryPoint","urlTemplate":"https:\/\/www.cotejardin.com\/?s={search_term_string}"},"query-input":{"@type":"PropertyValueSpecification","valueRequired":true,"valueName":"search_term_string"}}],"inLanguage":"en-US"},{"@type":"Organization","@id":"https:\/\/www.cotejardin.com\/#organization","name":"Am\u00e9nagement C\u00f4t\u00e9 Jardin","url":"https:\/\/www.cotejardin.com\/","logo":{"@type":"ImageObject","inLanguage":"en-US","@id":"https:\/\/www.cotejardin.com\/#\/schema\/logo\/image\/","url":"https:\/\/www.cotejardin.com\/wp-content\/uploads\/2020\/08\/cote_jardin_vertical_logo_couleurs_rvb_2000px@72ppi.png","contentUrl":"https:\/\/www.cotejardin.com\/wp-content\/uploads\/2020\/08\/cote_jardin_vertical_logo_couleurs_rvb_2000px@72ppi.png","width":2000,"height":1128,"caption":"Am\u00e9nagement C\u00f4t\u00e9 Jardin"},"image":{"@id":"https:\/\/www.cotejardin.com\/#\/schema\/logo\/image\/"},"sameAs":["https:\/\/www.facebook.com\/profile.php?id=100063735901557","https:\/\/www.linkedin.com\/company\/amenagement-cote-jardin-inc\/"]}]}},"_links":{"self":[{"href":"https:\/\/www.cotejardin.com\/en\/wp-json\/wp\/v2\/pages\/8380","targetHints":{"allow":["GET"]}}],"collection":[{"href":"https:\/\/www.cotejardin.com\/en\/wp-json\/wp\/v2\/pages"}],"about":[{"href":"https:\/\/www.cotejardin.com\/en\/wp-json\/wp\/v2\/types\/page"}],"author":[{"embeddable":true,"href":"https:\/\/www.cotejardin.com\/en\/wp-json\/wp\/v2\/users\/2"}],"replies":[{"embeddable":true,"href":"https:\/\/www.cotejardin.com\/en\/wp-json\/wp\/v2\/comments?post=8380"}],"version-history":[{"count":12,"href":"https:\/\/www.cotejardin.com\/en\/wp-json\/wp\/v2\/pages\/8380\/revisions"}],"predecessor-version":[{"id":11523,"href":"https:\/\/www.cotejardin.com\/en\/wp-json\/wp\/v2\/pages\/8380\/revisions\/11523"}],"wp:attachment":[{"href":"https:\/\/www.cotejardin.com\/en\/wp-json\/wp\/v2\/media?parent=8380"}],"curies":[{"name":"wp","href":"https:\/\/api.w.org\/{rel}","templated":true}]}}