{"id":7377,"date":"2020-05-08T06:54:27","date_gmt":"2020-05-08T06:54:27","guid":{"rendered":"https:\/\/www.cotejardin.com\/contact\/"},"modified":"2025-07-01T14:52:31","modified_gmt":"2025-07-01T14:52:31","slug":"contact","status":"publish","type":"page","link":"https:\/\/www.cotejardin.com\/en\/contact\/","title":{"rendered":"Contact"},"content":{"rendered":"\t\t<div data-elementor-type=\"wp-page\" data-elementor-id=\"7377\" class=\"elementor elementor-7377\">\n\t\t\t\t\t\t<section class=\"elementor-section elementor-top-section elementor-element elementor-element-3492446 elementor-section-content-middle elementor-section-boxed elementor-section-height-default elementor-section-height-default\" data-id=\"3492446\" data-element_type=\"section\" data-e-type=\"section\" data-settings=\"{&quot;background_background&quot;:&quot;classic&quot;}\">\n\t\t\t\t\t\t<div class=\"elementor-container elementor-column-gap-extended\">\n\t\t\t\t\t<div class=\"elementor-column elementor-col-50 elementor-top-column elementor-element elementor-element-c8de834 ot-flex-column-vertical\" data-id=\"c8de834\" data-element_type=\"column\" data-e-type=\"column\" data-settings=\"{&quot;background_background&quot;:&quot;classic&quot;}\">\n\t\t\t<div class=\"elementor-widget-wrap elementor-element-populated\">\n\t\t\t\t\t\t<div class=\"elementor-element elementor-element-7784e75 elementor-widget elementor-widget-heading\" data-id=\"7784e75\" data-element_type=\"widget\" data-e-type=\"widget\" data-widget_type=\"heading.default\">\n\t\t\t\t<div class=\"elementor-widget-container\">\n\t\t\t\t\t<h2 class=\"elementor-heading-title elementor-size-default\">Get in touch with our team<\/h2>\t\t\t\t<\/div>\n\t\t\t\t<\/div>\n\t\t\t\t<div class=\"elementor-element elementor-element-2bc0966 elementor-widget elementor-widget-shortcode\" data-id=\"2bc0966\" data-element_type=\"widget\" data-e-type=\"widget\" data-widget_type=\"shortcode.default\">\n\t\t\t\t<div class=\"elementor-widget-container\">\n\t\t\t\t\t\t\t<div class=\"elementor-shortcode\">\n<div class=\"wpcf7 no-js\" id=\"wpcf7-f7552-o1\" lang=\"en-US\" dir=\"ltr\" data-wpcf7-id=\"7552\">\n<div class=\"screen-reader-response\"><p role=\"status\" aria-live=\"polite\" aria-atomic=\"true\"><\/p> <ul><\/ul><\/div>\n<form action=\"\/en\/wp-json\/wp\/v2\/pages\/7377#wpcf7-f7552-o1\" method=\"post\" class=\"wpcf7-form init\" aria-label=\"Contact form\" novalidate=\"novalidate\" data-status=\"init\">\n<fieldset class=\"hidden-fields-container\"><input type=\"hidden\" name=\"_wpcf7\" value=\"7552\" \/><input type=\"hidden\" name=\"_wpcf7_version\" value=\"6.1.5\" \/><input type=\"hidden\" name=\"_wpcf7_locale\" value=\"en_US\" \/><input type=\"hidden\" name=\"_wpcf7_unit_tag\" value=\"wpcf7-f7552-o1\" \/><input type=\"hidden\" name=\"_wpcf7_container_post\" value=\"0\" \/><input type=\"hidden\" name=\"_wpcf7_posted_data_hash\" value=\"\" \/><input type=\"hidden\" name=\"_cf7a__timestamp\" value=\"lWMr9lu99JgVWtyyoIc90A==\" \/><input type=\"hidden\" name=\"_cf7a_version\" value=\"1.0\" \/><input type=\"hidden\" name=\"_cf7a_address\" value=\"\" \/><input type=\"hidden\" name=\"_cf7a_referer\" value=\"\" \/><input type=\"hidden\" name=\"_cf7a_protocol\" value=\"\" \/><input type=\"hidden\" name=\"_cf7a_bot_fingerprint\" value=\"lWMr9lu99JgVWtyyoIc90A==\" \/><input type=\"hidden\" name=\"_cf7a_bot_fingerprint_extras\" \/><input type=\"hidden\" name=\"_cf7a_append_on_submit\" \/>\n<\/fieldset>\n<div class=\"main-form\">\n\t<p><span class=\"wpcf7-form-control-wrap\" data-name=\"your-name\"><input size=\"40\" maxlength=\"400\" class=\"wpcf7-form-control wpcf7-text wpcf7-validates-as-required\" aria-required=\"true\" aria-invalid=\"false\" placeholder=\"Name\" value=\"\" type=\"text\" name=\"your-name\" \/><input type=\"text\" name=\"name\" value=\"\" autocomplete=\"fill\" class=\"fit-the-fullspace\" aria-hidden=\"true\" tabindex=\"-1\" \/><\/span>\n\t<\/p>\n\t<p><span class=\"wpcf7-form-control-wrap\" data-name=\"your-email\"><input size=\"40\" maxlength=\"400\" class=\"wpcf7-form-control wpcf7-email wpcf7-validates-as-required wpcf7-text wpcf7-validates-as-email\" aria-required=\"true\" aria-invalid=\"false\" placeholder=\"Email Address\" value=\"\" type=\"email\" name=\"your-email\" \/><\/span>\n\t<\/p>\n\t<p><span class=\"wpcf7-form-control-wrap\" data-name=\"your-message\"><textarea cols=\"40\" rows=\"10\" maxlength=\"2000\" class=\"wpcf7-form-control wpcf7-textarea\" aria-invalid=\"false\" placeholder=\"Message...\" name=\"your-message\"><\/textarea><\/span>\n\t<\/p>\n\t<p><button type=\"submit\" class=\"octf-btn\">Send<\/button>\n\t<\/p>\n<\/div><div class=\"wpcf7-response-output\" aria-hidden=\"true\"><\/div>\n<\/form>\n<\/div>\n<\/div>\n\t\t\t\t\t\t<\/div>\n\t\t\t\t<\/div>\n\t\t\t\t\t<\/div>\n\t\t<\/div>\n\t\t\t\t<div class=\"elementor-column elementor-col-50 elementor-top-column elementor-element elementor-element-131457d ot-flex-column-vertical\" data-id=\"131457d\" data-element_type=\"column\" data-e-type=\"column\" data-settings=\"{&quot;background_background&quot;:&quot;classic&quot;}\">\n\t\t\t<div class=\"elementor-widget-wrap elementor-element-populated\">\n\t\t\t\t\t\t<div class=\"elementor-element elementor-element-6a183e2 theratio-align-left elementor-widget elementor-widget-iheading\" data-id=\"6a183e2\" data-element_type=\"widget\" data-e-type=\"widget\" data-widget_type=\"iheading.default\">\n\t\t\t\t<div class=\"elementor-widget-container\">\n\t\t\t\t\t\t\t<div class=\"ot-heading \">\r\n\t        \t        <h2 class=\"main-heading\">Do you have a project?<\/h2>\r\n\t        \t    <\/div>\r\n\t    \t\t\t\t<\/div>\n\t\t\t\t<\/div>\n\t\t\t\t<div class=\"elementor-element elementor-element-c6c295b elementor-widget elementor-widget-text-editor\" data-id=\"c6c295b\" data-element_type=\"widget\" data-e-type=\"widget\" data-widget_type=\"text-editor.default\">\n\t\t\t\t<div class=\"elementor-widget-container\">\n\t\t\t\t\t\t\t\t\t<p>Contact our team of experts now to discuss your future projects!<\/p>\t\t\t\t\t\t\t\t<\/div>\n\t\t\t\t<\/div>\n\t\t\t\t<div class=\"elementor-element elementor-element-6942fc6 elementor-widget elementor-widget-icontact_info\" data-id=\"6942fc6\" data-element_type=\"widget\" data-e-type=\"widget\" data-widget_type=\"icontact_info.default\">\n\t\t\t\t<div class=\"elementor-widget-container\">\n\t\t\t\t\t\t    \t<div class=\"contact-info\">\r\n\t\t        \t\t\t    \r\n\t\t\t    \t\t        <i class=\"ot-flaticon-place\"><\/i>\r\n\t\t        <div class=\"info-text\">\r\n\t\t        \t<h6>Our Address<\/h6>\t\t        \t<p>4303, rue Hogan\nMontr\u00e9al (Qc) Canada\nH2H 2N2<\/p>\t\t        <\/div>\r\n\t\t    <\/div>\r\n\t    \t\t\t\t<\/div>\n\t\t\t\t<\/div>\n\t\t\t\t<div class=\"elementor-element elementor-element-1e04d08 elementor-widget elementor-widget-icontact_info\" data-id=\"1e04d08\" data-element_type=\"widget\" data-e-type=\"widget\" data-widget_type=\"icontact_info.default\">\n\t\t\t\t<div class=\"elementor-widget-container\">\n\t\t\t\t\t\t    \t<div class=\"contact-info\">\r\n\t\t        \t\t\t    \r\n\t\t\t    \t\t        <i class=\"ot-flaticon-mail\"><\/i>\r\n\t\t        <div class=\"info-text\">\r\n\t\t        \t<h6>Our email address<\/h6>\t\t        \t<p><a href=\"mailto:info@cotejardin.com\">info@cotejardin.com<\/a><\/p>\t\t        <\/div>\r\n\t\t    <\/div>\r\n\t    \t\t\t\t<\/div>\n\t\t\t\t<\/div>\n\t\t\t\t<div class=\"elementor-element elementor-element-0fecad6 elementor-widget elementor-widget-icontact_info\" data-id=\"0fecad6\" data-element_type=\"widget\" data-e-type=\"widget\" data-widget_type=\"icontact_info.default\">\n\t\t\t\t<div class=\"elementor-widget-container\">\n\t\t\t\t\t\t    \t<div class=\"contact-info\">\r\n\t\t        \t\t\t    \r\n\t\t\t    \t\t        <i class=\"ot-flaticon-phone-call\"><\/i>\r\n\t\t        <div class=\"info-text\">\r\n\t\t        \t<h6>Our fax<\/h6>\t\t        \t<p><a href=\"tel:+1 514 939 3577\">514 939 - 3577<\/a><\/p>\t\t        <\/div>\r\n\t\t    <\/div>\r\n\t    \t\t\t\t<\/div>\n\t\t\t\t<\/div>\n\t\t\t\t<div class=\"elementor-element elementor-element-1481835 elementor-widget elementor-widget-icontact_info\" data-id=\"1481835\" data-element_type=\"widget\" data-e-type=\"widget\" data-widget_type=\"icontact_info.default\">\n\t\t\t\t<div class=\"elementor-widget-container\">\n\t\t\t\t\t\t    \t<div class=\"contact-info\">\r\n\t\t        \t\t\t    \r\n\t\t\t    \t\t        <i class=\"ot-flaticon-phone-call\"><\/i>\r\n\t\t        <div class=\"info-text\">\r\n\t\t        \t<h6>Notre fax<\/h6>\t\t        \t<p><a>514 939 - 3174<\/a><\/p>\t\t        <\/div>\r\n\t\t    <\/div>\r\n\t    \t\t\t\t<\/div>\n\t\t\t\t<\/div>\n\t\t\t\t<div class=\"elementor-element elementor-element-6d3148f e-grid-align-left elementor-shape-rounded elementor-grid-0 elementor-widget elementor-widget-social-icons\" data-id=\"6d3148f\" data-element_type=\"widget\" data-e-type=\"widget\" data-widget_type=\"social-icons.default\">\n\t\t\t\t<div class=\"elementor-widget-container\">\n\t\t\t\t\t\t\t<div class=\"elementor-social-icons-wrapper elementor-grid\" role=\"list\">\n\t\t\t\t\t\t\t<span class=\"elementor-grid-item\" role=\"listitem\">\n\t\t\t\t\t<a class=\"elementor-icon elementor-social-icon elementor-social-icon-facebook-f elementor-repeater-item-030f11b\" href=\"https:\/\/www.facebook.com\/Am%C3%A9nagement-C%C3%B4t%C3%A9-Jardin-1898538190406710\" target=\"_blank\">\n\t\t\t\t\t\t<span class=\"elementor-screen-only\">Facebook-f<\/span>\n\t\t\t\t\t\t<i aria-hidden=\"true\" class=\"fab fa-facebook-f\"><\/i>\t\t\t\t\t<\/a>\n\t\t\t\t<\/span>\n\t\t\t\t\t\t\t<span class=\"elementor-grid-item\" role=\"listitem\">\n\t\t\t\t\t<a class=\"elementor-icon elementor-social-icon elementor-social-icon-linkedin-in elementor-repeater-item-9c6b4b3\" href=\"https:\/\/www.linkedin.com\/company\/amenagement-cote-jardin-inc\/\" target=\"_blank\">\n\t\t\t\t\t\t<span class=\"elementor-screen-only\">Linkedin-in<\/span>\n\t\t\t\t\t\t<i aria-hidden=\"true\" class=\"fab fa-linkedin-in\"><\/i>\t\t\t\t\t<\/a>\n\t\t\t\t<\/span>\n\t\t\t\t\t<\/div>\n\t\t\t\t\t\t<\/div>\n\t\t\t\t<\/div>\n\t\t\t\t\t<\/div>\n\t\t<\/div>\n\t\t\t\t\t<\/div>\n\t\t<\/section>\n\t\t\t\t<section class=\"elementor-section elementor-top-section elementor-element elementor-element-1c7707d elementor-section-full_width elementor-section-height-default elementor-section-height-default\" data-id=\"1c7707d\" data-element_type=\"section\" data-e-type=\"section\">\n\t\t\t\t\t\t<div class=\"elementor-container elementor-column-gap-default\">\n\t\t\t\t\t<div class=\"elementor-column elementor-col-100 elementor-top-column elementor-element elementor-element-3972b22 ot-flex-column-vertical\" data-id=\"3972b22\" data-element_type=\"column\" data-e-type=\"column\">\n\t\t\t<div class=\"elementor-widget-wrap elementor-element-populated\">\n\t\t\t\t\t\t<div class=\"elementor-element elementor-element-d0a39be elementor-widget elementor-widget-google_maps\" data-id=\"d0a39be\" data-element_type=\"widget\" data-e-type=\"widget\" data-widget_type=\"google_maps.default\">\n\t\t\t\t<div class=\"elementor-widget-container\">\n\t\t\t\t\t\t\t<div class=\"elementor-custom-embed\">\n\t\t\t<iframe loading=\"lazy\"\n\t\t\t\t\tsrc=\"https:\/\/maps.google.com\/maps?q=4303%2C%20rue%20Hogan%20Montr%C3%A9al%20%28Qc%29%20Canada%20H2H%202N2&#038;t=m&#038;z=11&#038;output=embed&#038;iwloc=near\"\n\t\t\t\t\ttitle=\"4303, rue Hogan Montr\u00e9al (Qc) Canada H2H 2N2\"\n\t\t\t\t\taria-label=\"4303, rue Hogan Montr\u00e9al (Qc) Canada H2H 2N2\"\n\t\t\t><\/iframe>\n\t\t<\/div>\n\t\t\t\t\t\t<\/div>\n\t\t\t\t<\/div>\n\t\t\t\t\t<\/div>\n\t\t<\/div>\n\t\t\t\t\t<\/div>\n\t\t<\/section>\n\t\t\t\t<\/div>\n\t\t","protected":false},"excerpt":{"rendered":"<p>Get in touch with our team Do you have a project? Contact our team of experts now to discuss your future projects! Our Address 4303, rue Hogan Montr\u00e9al (Qc) Canada H2H 2N2 Our email address info@cotejardin.com Our fax 514 939 &#8211; 3577 Notre fax 514 939 &#8211; 3174 Facebook-f Linkedin-in<\/p>\n","protected":false},"author":2,"featured_media":6451,"parent":0,"menu_order":0,"comment_status":"closed","ping_status":"closed","template":"","meta":{"bgseo_title":"","bgseo_description":"If you have any questions or would like to contact us to request our services, don't hesitate to contact us now.","bgseo_robots_index":"index","bgseo_robots_follow":"follow","footnotes":""},"class_list":["post-7377","page","type-page","status-publish","has-post-thumbnail","hentry"],"acf":[],"yoast_head":"<!-- This site is optimized with the Yoast SEO plugin v27.2 - https:\/\/yoast.com\/product\/yoast-seo-wordpress\/ -->\n<title>Contact | Am\u00e9nagement C\u00f4t\u00e9 Jardin<\/title>\n<meta name=\"robots\" content=\"index, follow, max-snippet:-1, max-image-preview:large, max-video-preview:-1\" \/>\n<link rel=\"canonical\" href=\"https:\/\/www.cotejardin.com\/en\/contact\/\" \/>\n<meta property=\"og:locale\" content=\"en_US\" \/>\n<meta property=\"og:type\" content=\"article\" \/>\n<meta property=\"og:title\" content=\"Contact | Am\u00e9nagement C\u00f4t\u00e9 Jardin\" \/>\n<meta property=\"og:description\" content=\"Get in touch with our team Do you have a project? Contact our team of experts now to discuss your future projects! Our Address 4303, rue Hogan Montr\u00e9al (Qc) Canada H2H 2N2 Our email address info@cotejardin.com Our fax 514 939 &#8211; 3577 Notre fax 514 939 &#8211; 3174 Facebook-f Linkedin-in\" \/>\n<meta property=\"og:url\" content=\"https:\/\/www.cotejardin.com\/en\/contact\/\" \/>\n<meta property=\"og:site_name\" content=\"Am\u00e9nagement C\u00f4t\u00e9 Jardin\" \/>\n<meta property=\"article:publisher\" content=\"https:\/\/www.facebook.com\/profile.php?id=100063735901557\" \/>\n<meta property=\"article:modified_time\" content=\"2025-07-01T14:52:31+00:00\" \/>\n<meta property=\"og:image\" content=\"https:\/\/www.cotejardin.com\/wp-content\/uploads\/2022\/06\/CoteJardin_077-min.jpg\" \/>\n\t<meta property=\"og:image:width\" content=\"600\" \/>\n\t<meta property=\"og:image:height\" content=\"446\" \/>\n\t<meta property=\"og:image:type\" content=\"image\/jpeg\" \/>\n<meta name=\"twitter:card\" content=\"summary_large_image\" \/>\n<meta name=\"twitter:label1\" content=\"Est. reading time\" \/>\n\t<meta name=\"twitter:data1\" content=\"1 minute\" \/>\n<script type=\"application\/ld+json\" class=\"yoast-schema-graph\">{\"@context\":\"https:\/\/schema.org\",\"@graph\":[{\"@type\":\"WebPage\",\"@id\":\"https:\/\/www.cotejardin.com\/en\/contact\/\",\"url\":\"https:\/\/www.cotejardin.com\/en\/contact\/\",\"name\":\"Contact | Am\u00e9nagement C\u00f4t\u00e9 Jardin\",\"isPartOf\":{\"@id\":\"https:\/\/www.cotejardin.com\/#website\"},\"primaryImageOfPage\":{\"@id\":\"https:\/\/www.cotejardin.com\/en\/contact\/#primaryimage\"},\"image\":{\"@id\":\"https:\/\/www.cotejardin.com\/en\/contact\/#primaryimage\"},\"thumbnailUrl\":\"https:\/\/www.cotejardin.com\/wp-content\/uploads\/2022\/06\/CoteJardin_077-min.jpg\",\"datePublished\":\"2020-05-08T06:54:27+00:00\",\"dateModified\":\"2025-07-01T14:52:31+00:00\",\"breadcrumb\":{\"@id\":\"https:\/\/www.cotejardin.com\/en\/contact\/#breadcrumb\"},\"inLanguage\":\"en-US\",\"potentialAction\":[{\"@type\":\"ReadAction\",\"target\":[\"https:\/\/www.cotejardin.com\/en\/contact\/\"]}]},{\"@type\":\"ImageObject\",\"inLanguage\":\"en-US\",\"@id\":\"https:\/\/www.cotejardin.com\/en\/contact\/#primaryimage\",\"url\":\"https:\/\/www.cotejardin.com\/wp-content\/uploads\/2022\/06\/CoteJardin_077-min.jpg\",\"contentUrl\":\"https:\/\/www.cotejardin.com\/wp-content\/uploads\/2022\/06\/CoteJardin_077-min.jpg\",\"width\":600,\"height\":446},{\"@type\":\"BreadcrumbList\",\"@id\":\"https:\/\/www.cotejardin.com\/en\/contact\/#breadcrumb\",\"itemListElement\":[{\"@type\":\"ListItem\",\"position\":1,\"name\":\"Accueil\",\"item\":\"https:\/\/www.cotejardin.com\/en\/home-1\/\"},{\"@type\":\"ListItem\",\"position\":2,\"name\":\"Contact\"}]},{\"@type\":\"WebSite\",\"@id\":\"https:\/\/www.cotejardin.com\/#website\",\"url\":\"https:\/\/www.cotejardin.com\/\",\"name\":\"Am\u00e9nagement C\u00f4t\u00e9 Jardin\",\"description\":\"Am\u00e9nagement paysager commercial, public et institutionnel\",\"publisher\":{\"@id\":\"https:\/\/www.cotejardin.com\/#organization\"},\"potentialAction\":[{\"@type\":\"SearchAction\",\"target\":{\"@type\":\"EntryPoint\",\"urlTemplate\":\"https:\/\/www.cotejardin.com\/?s={search_term_string}\"},\"query-input\":{\"@type\":\"PropertyValueSpecification\",\"valueRequired\":true,\"valueName\":\"search_term_string\"}}],\"inLanguage\":\"en-US\"},{\"@type\":\"Organization\",\"@id\":\"https:\/\/www.cotejardin.com\/#organization\",\"name\":\"Am\u00e9nagement C\u00f4t\u00e9 Jardin\",\"url\":\"https:\/\/www.cotejardin.com\/\",\"logo\":{\"@type\":\"ImageObject\",\"inLanguage\":\"en-US\",\"@id\":\"https:\/\/www.cotejardin.com\/#\/schema\/logo\/image\/\",\"url\":\"https:\/\/www.cotejardin.com\/wp-content\/uploads\/2020\/08\/cote_jardin_vertical_logo_couleurs_rvb_2000px@72ppi.png\",\"contentUrl\":\"https:\/\/www.cotejardin.com\/wp-content\/uploads\/2020\/08\/cote_jardin_vertical_logo_couleurs_rvb_2000px@72ppi.png\",\"width\":2000,\"height\":1128,\"caption\":\"Am\u00e9nagement C\u00f4t\u00e9 Jardin\"},\"image\":{\"@id\":\"https:\/\/www.cotejardin.com\/#\/schema\/logo\/image\/\"},\"sameAs\":[\"https:\/\/www.facebook.com\/profile.php?id=100063735901557\",\"https:\/\/www.linkedin.com\/company\/amenagement-cote-jardin-inc\/\"]}]}<\/script>\n<!-- \/ Yoast SEO plugin. -->","yoast_head_json":{"title":"Contact | Am\u00e9nagement C\u00f4t\u00e9 Jardin","robots":{"index":"index","follow":"follow","max-snippet":"max-snippet:-1","max-image-preview":"max-image-preview:large","max-video-preview":"max-video-preview:-1"},"canonical":"https:\/\/www.cotejardin.com\/en\/contact\/","og_locale":"en_US","og_type":"article","og_title":"Contact | Am\u00e9nagement C\u00f4t\u00e9 Jardin","og_description":"Get in touch with our team Do you have a project? Contact our team of experts now to discuss your future projects! Our Address 4303, rue Hogan Montr\u00e9al (Qc) Canada H2H 2N2 Our email address info@cotejardin.com Our fax 514 939 &#8211; 3577 Notre fax 514 939 &#8211; 3174 Facebook-f Linkedin-in","og_url":"https:\/\/www.cotejardin.com\/en\/contact\/","og_site_name":"Am\u00e9nagement C\u00f4t\u00e9 Jardin","article_publisher":"https:\/\/www.facebook.com\/profile.php?id=100063735901557","article_modified_time":"2025-07-01T14:52:31+00:00","og_image":[{"width":600,"height":446,"url":"https:\/\/www.cotejardin.com\/wp-content\/uploads\/2022\/06\/CoteJardin_077-min.jpg","type":"image\/jpeg"}],"twitter_card":"summary_large_image","twitter_misc":{"Est. reading time":"1 minute"},"schema":{"@context":"https:\/\/schema.org","@graph":[{"@type":"WebPage","@id":"https:\/\/www.cotejardin.com\/en\/contact\/","url":"https:\/\/www.cotejardin.com\/en\/contact\/","name":"Contact | Am\u00e9nagement C\u00f4t\u00e9 Jardin","isPartOf":{"@id":"https:\/\/www.cotejardin.com\/#website"},"primaryImageOfPage":{"@id":"https:\/\/www.cotejardin.com\/en\/contact\/#primaryimage"},"image":{"@id":"https:\/\/www.cotejardin.com\/en\/contact\/#primaryimage"},"thumbnailUrl":"https:\/\/www.cotejardin.com\/wp-content\/uploads\/2022\/06\/CoteJardin_077-min.jpg","datePublished":"2020-05-08T06:54:27+00:00","dateModified":"2025-07-01T14:52:31+00:00","breadcrumb":{"@id":"https:\/\/www.cotejardin.com\/en\/contact\/#breadcrumb"},"inLanguage":"en-US","potentialAction":[{"@type":"ReadAction","target":["https:\/\/www.cotejardin.com\/en\/contact\/"]}]},{"@type":"ImageObject","inLanguage":"en-US","@id":"https:\/\/www.cotejardin.com\/en\/contact\/#primaryimage","url":"https:\/\/www.cotejardin.com\/wp-content\/uploads\/2022\/06\/CoteJardin_077-min.jpg","contentUrl":"https:\/\/www.cotejardin.com\/wp-content\/uploads\/2022\/06\/CoteJardin_077-min.jpg","width":600,"height":446},{"@type":"BreadcrumbList","@id":"https:\/\/www.cotejardin.com\/en\/contact\/#breadcrumb","itemListElement":[{"@type":"ListItem","position":1,"name":"Accueil","item":"https:\/\/www.cotejardin.com\/en\/home-1\/"},{"@type":"ListItem","position":2,"name":"Contact"}]},{"@type":"WebSite","@id":"https:\/\/www.cotejardin.com\/#website","url":"https:\/\/www.cotejardin.com\/","name":"Am\u00e9nagement C\u00f4t\u00e9 Jardin","description":"Am\u00e9nagement paysager commercial, public et institutionnel","publisher":{"@id":"https:\/\/www.cotejardin.com\/#organization"},"potentialAction":[{"@type":"SearchAction","target":{"@type":"EntryPoint","urlTemplate":"https:\/\/www.cotejardin.com\/?s={search_term_string}"},"query-input":{"@type":"PropertyValueSpecification","valueRequired":true,"valueName":"search_term_string"}}],"inLanguage":"en-US"},{"@type":"Organization","@id":"https:\/\/www.cotejardin.com\/#organization","name":"Am\u00e9nagement C\u00f4t\u00e9 Jardin","url":"https:\/\/www.cotejardin.com\/","logo":{"@type":"ImageObject","inLanguage":"en-US","@id":"https:\/\/www.cotejardin.com\/#\/schema\/logo\/image\/","url":"https:\/\/www.cotejardin.com\/wp-content\/uploads\/2020\/08\/cote_jardin_vertical_logo_couleurs_rvb_2000px@72ppi.png","contentUrl":"https:\/\/www.cotejardin.com\/wp-content\/uploads\/2020\/08\/cote_jardin_vertical_logo_couleurs_rvb_2000px@72ppi.png","width":2000,"height":1128,"caption":"Am\u00e9nagement C\u00f4t\u00e9 Jardin"},"image":{"@id":"https:\/\/www.cotejardin.com\/#\/schema\/logo\/image\/"},"sameAs":["https:\/\/www.facebook.com\/profile.php?id=100063735901557","https:\/\/www.linkedin.com\/company\/amenagement-cote-jardin-inc\/"]}]}},"_links":{"self":[{"href":"https:\/\/www.cotejardin.com\/en\/wp-json\/wp\/v2\/pages\/7377","targetHints":{"allow":["GET"]}}],"collection":[{"href":"https:\/\/www.cotejardin.com\/en\/wp-json\/wp\/v2\/pages"}],"about":[{"href":"https:\/\/www.cotejardin.com\/en\/wp-json\/wp\/v2\/types\/page"}],"author":[{"embeddable":true,"href":"https:\/\/www.cotejardin.com\/en\/wp-json\/wp\/v2\/users\/2"}],"replies":[{"embeddable":true,"href":"https:\/\/www.cotejardin.com\/en\/wp-json\/wp\/v2\/comments?post=7377"}],"version-history":[{"count":8,"href":"https:\/\/www.cotejardin.com\/en\/wp-json\/wp\/v2\/pages\/7377\/revisions"}],"predecessor-version":[{"id":11538,"href":"https:\/\/www.cotejardin.com\/en\/wp-json\/wp\/v2\/pages\/7377\/revisions\/11538"}],"wp:featuredmedia":[{"embeddable":true,"href":"https:\/\/www.cotejardin.com\/en\/wp-json\/wp\/v2\/media\/6451"}],"wp:attachment":[{"href":"https:\/\/www.cotejardin.com\/en\/wp-json\/wp\/v2\/media?parent=7377"}],"curies":[{"name":"wp","href":"https:\/\/api.w.org\/{rel}","templated":true}]}}