{"id":7334,"date":"2022-04-12T16:05:07","date_gmt":"2022-04-12T16:05:07","guid":{"rendered":"https:\/\/www.cotejardin.com\/toits-terrasses\/"},"modified":"2023-04-26T14:52:40","modified_gmt":"2023-04-26T14:52:40","slug":"roofs-terraces","status":"publish","type":"page","link":"https:\/\/www.cotejardin.com\/en\/roofs-terraces\/","title":{"rendered":"Roofs &amp; Terraces"},"content":{"rendered":"\t\t<div data-elementor-type=\"wp-page\" data-elementor-id=\"7334\" class=\"elementor elementor-7334\">\n\t\t\t\t\t\t<section class=\"elementor-section elementor-top-section elementor-element elementor-element-8807e2c elementor-section-boxed elementor-section-height-default elementor-section-height-default\" data-id=\"8807e2c\" data-element_type=\"section\" data-e-type=\"section\" data-settings=\"{&quot;background_background&quot;:&quot;classic&quot;}\">\n\t\t\t\t\t\t<div class=\"elementor-container elementor-column-gap-extended\">\n\t\t\t\t\t<div class=\"elementor-column elementor-col-50 elementor-top-column elementor-element elementor-element-5b6221b elementor-hidden-mobile ot-flex-column-vertical\" data-id=\"5b6221b\" data-element_type=\"column\" data-e-type=\"column\">\n\t\t\t<div class=\"elementor-widget-wrap elementor-element-populated\">\n\t\t\t\t\t\t<div class=\"elementor-element elementor-element-45574f1 elementor-widget elementor-widget-theratio-service-box\" data-id=\"45574f1\" data-element_type=\"widget\" data-e-type=\"widget\" data-widget_type=\"theratio-service-box.default\">\n\t\t\t\t<div class=\"elementor-widget-container\">\n\t\t\t\t\t\t\t<div class=\"service-box\">\r\n\t        <div class=\"box-content\">\r\n\t       \t\t\t\t\t\t<div class=\"info-box\">\r\n\t\t\t\t\t\t\t\t\t\t<p><\/p>\r\n\t\t\t\t\t\t\t\t\t\t\t<a class=\"btn-details\" href=\"https:\/cotejardin.com\/en\/urban-planning\/\">Urban Planning<\/a>\r\n\t\t\t\t\t\t\t\t\t<\/div>\r\n\t\t\t<\/div>\r\n\t    <\/div>\r\n\t    \t\t\t\t<\/div>\n\t\t\t\t<\/div>\n\t\t\t\t<div class=\"elementor-element elementor-element-4ed05aa elementor-widget-divider--view-line elementor-widget elementor-widget-divider\" data-id=\"4ed05aa\" data-element_type=\"widget\" data-e-type=\"widget\" data-widget_type=\"divider.default\">\n\t\t\t\t<div class=\"elementor-widget-container\">\n\t\t\t\t\t\t\t<div class=\"elementor-divider\">\n\t\t\t<span class=\"elementor-divider-separator\">\n\t\t\t\t\t\t<\/span>\n\t\t<\/div>\n\t\t\t\t\t\t<\/div>\n\t\t\t\t<\/div>\n\t\t\t\t<div class=\"elementor-element elementor-element-e59c41d elementor-widget elementor-widget-theratio-service-box\" data-id=\"e59c41d\" data-element_type=\"widget\" data-e-type=\"widget\" data-widget_type=\"theratio-service-box.default\">\n\t\t\t\t<div class=\"elementor-widget-container\">\n\t\t\t\t\t\t\t<div class=\"service-box\">\r\n\t        <div class=\"box-content\">\r\n\t       \t\t\t\t\t\t<div class=\"info-box\">\r\n\t\t\t\t\t\t\t\t\t\t<p><\/p>\r\n\t\t\t\t\t\t\t\t\t\t\t<a class=\"btn-details\" href=\"https:\/\/cotejardin.com\/en\/roofs-terraces\/\">Terraces &amp; roofing<\/a>\r\n\t\t\t\t\t\t\t\t\t<\/div>\r\n\t\t\t<\/div>\r\n\t    <\/div>\r\n\t    \t\t\t\t<\/div>\n\t\t\t\t<\/div>\n\t\t\t\t<div class=\"elementor-element elementor-element-cf9cd4c elementor-widget-divider--view-line elementor-widget elementor-widget-divider\" data-id=\"cf9cd4c\" data-element_type=\"widget\" data-e-type=\"widget\" data-widget_type=\"divider.default\">\n\t\t\t\t<div class=\"elementor-widget-container\">\n\t\t\t\t\t\t\t<div class=\"elementor-divider\">\n\t\t\t<span class=\"elementor-divider-separator\">\n\t\t\t\t\t\t<\/span>\n\t\t<\/div>\n\t\t\t\t\t\t<\/div>\n\t\t\t\t<\/div>\n\t\t\t\t<div class=\"elementor-element elementor-element-7854d8a elementor-widget elementor-widget-theratio-service-box\" data-id=\"7854d8a\" data-element_type=\"widget\" data-e-type=\"widget\" data-widget_type=\"theratio-service-box.default\">\n\t\t\t\t<div class=\"elementor-widget-container\">\n\t\t\t\t\t\t\t<div class=\"service-box\">\r\n\t        <div class=\"box-content\">\r\n\t       \t\t\t\t\t\t<div class=\"info-box\">\r\n\t\t\t\t\t\t\t\t\t\t<p><\/p>\r\n\t\t\t\t\t\t\t\t\t\t\t<a class=\"btn-details\" href=\"https:\/\/cotejardin.com\/en\/civil-engineering\/\">Civil Engineering<\/a>\r\n\t\t\t\t\t\t\t\t\t<\/div>\r\n\t\t\t<\/div>\r\n\t    <\/div>\r\n\t    \t\t\t\t<\/div>\n\t\t\t\t<\/div>\n\t\t\t\t<div class=\"elementor-element elementor-element-4434abe elementor-widget-divider--view-line elementor-widget elementor-widget-divider\" data-id=\"4434abe\" data-element_type=\"widget\" data-e-type=\"widget\" data-widget_type=\"divider.default\">\n\t\t\t\t<div class=\"elementor-widget-container\">\n\t\t\t\t\t\t\t<div class=\"elementor-divider\">\n\t\t\t<span class=\"elementor-divider-separator\">\n\t\t\t\t\t\t<\/span>\n\t\t<\/div>\n\t\t\t\t\t\t<\/div>\n\t\t\t\t<\/div>\n\t\t\t\t<div class=\"elementor-element elementor-element-075b847 elementor-hidden-desktop elementor-hidden-tablet elementor-hidden-mobile elementor-widget elementor-widget-theratio-service-box\" data-id=\"075b847\" data-element_type=\"widget\" data-e-type=\"widget\" data-widget_type=\"theratio-service-box.default\">\n\t\t\t\t<div class=\"elementor-widget-container\">\n\t\t\t\t\t\t\t<div class=\"service-box\">\r\n\t        <div class=\"box-content\">\r\n\t       \t\t\t\t\t\t<div class=\"info-box\">\r\n\t\t\t\t\t\t\t\t\t\t<p><\/p>\r\n\t\t\t\t\t\t\t\t\t\t\t<a class=\"btn-details\" href=\"https:\/\/cotejardin.com\/en\/tree-transplantation\/ \">Tree transplantation<\/a>\r\n\t\t\t\t\t\t\t\t\t<\/div>\r\n\t\t\t<\/div>\r\n\t    <\/div>\r\n\t    \t\t\t\t<\/div>\n\t\t\t\t<\/div>\n\t\t\t\t\t<\/div>\n\t\t<\/div>\n\t\t\t\t<div class=\"elementor-column elementor-col-50 elementor-top-column elementor-element elementor-element-5716d59 ot-flex-column-vertical\" data-id=\"5716d59\" data-element_type=\"column\" data-e-type=\"column\">\n\t\t\t<div class=\"elementor-widget-wrap elementor-element-populated\">\n\t\t\t\t\t\t<div class=\"elementor-element elementor-element-e145324 elementor-widget elementor-widget-text-editor\" data-id=\"e145324\" data-element_type=\"widget\" data-e-type=\"widget\" data-widget_type=\"text-editor.default\">\n\t\t\t\t<div class=\"elementor-widget-container\">\n\t\t\t\t\t\t\t\t\t<p><span>Are you planning a green roof, a green parking lot, urban tree planting, the preservation or transportation of mature trees, a or slope stabilization project? Once again, our teams and various collaborators can help you with practical and long-lasting solutions.<\/span><\/p>\n\t\t\t\t\t\t\t\t<\/div>\n\t\t\t\t<\/div>\n\t\t\t\t\t<\/div>\n\t\t<\/div>\n\t\t\t\t\t<\/div>\n\t\t<\/section>\n\t\t\t\t<section class=\"elementor-section elementor-top-section elementor-element elementor-element-f6a645c elementor-section-boxed elementor-section-height-default elementor-section-height-default\" data-id=\"f6a645c\" data-element_type=\"section\" data-e-type=\"section\" data-settings=\"{&quot;background_background&quot;:&quot;classic&quot;}\">\n\t\t\t\t\t\t<div class=\"elementor-container elementor-column-gap-default\">\n\t\t\t\t\t<div class=\"elementor-column elementor-col-100 elementor-top-column elementor-element elementor-element-fea3d65 ot-flex-column-vertical\" data-id=\"fea3d65\" data-element_type=\"column\" data-e-type=\"column\">\n\t\t\t<div class=\"elementor-widget-wrap elementor-element-populated\">\n\t\t\t\t\t\t<div class=\"elementor-element elementor-element-21b4d1e theratio-align-center elementor-widget elementor-widget-iheading\" data-id=\"21b4d1e\" data-element_type=\"widget\" data-e-type=\"widget\" data-widget_type=\"iheading.default\">\n\t\t\t\t<div class=\"elementor-widget-container\">\n\t\t\t\t\t\t\t<div class=\"ot-heading is-dots\">\r\n\t        \t        <h2 class=\"main-heading\">Discover our projects of roofs &amp; terraces<\/h2>\r\n\t        \t    <\/div>\r\n\t    \t\t\t\t<\/div>\n\t\t\t\t<\/div>\n\t\t\t\t<div class=\"elementor-element elementor-element-1cb6783 elementor-widget elementor-widget-ipfilter_metro\" data-id=\"1cb6783\" data-element_type=\"widget\" data-e-type=\"widget\" data-widget_type=\"ipfilter_metro.default\">\n\t\t\t\t<div class=\"elementor-widget-container\">\n\t\t\t\t\t\r\n\t\t<div class=\"project-filter-wrapper\">\r\n\t\t\t\t\t\t\t        <div id=\"projects-grid\" class=\"projects-grid pf_3_cols style-1 img-scale w-auto\" data-load=\"\" data-count=\"3\">\r\n\t\t\t<div class=\"grid-sizer\"><\/div>\r\n\t            <div class=\"project-item category-63 \">\r\n\t<div class=\"projects-box\">\r\n\t\t<div class=\"projects-thumbnail\" data-src=\"https:\/\/www.cotejardin.com\/wp-content\/uploads\/2022\/08\/biosphere54-min.jpg\" data-sub-html=\"Biosphere\">\r\n\t\t\t<a href=\"https:\/\/www.cotejardin.com\/en\/portfolio\/biosphere\/\">\r\n\t\t\t\t<img fetchpriority=\"high\" decoding=\"async\" width=\"720\" height=\"667\" src=\"https:\/\/www.cotejardin.com\/wp-content\/uploads\/2022\/08\/biosphere54-min-720x667.jpg\" class=\"attachment-theratio-portfolio-thumbnail-grid size-theratio-portfolio-thumbnail-grid wp-post-image\" alt=\"\" \/>\t\t\t<\/a>\r\n\t\t\t<span class=\"overlay\">\r\n\t\t\t\t<h5>Biosphere<\/h5>\r\n\t\t\t\t<i class=\"ot-flaticon-add\"><\/i>\r\n\t\t\t<\/span>\r\n\t\t<\/div>\r\n\t\t<div class=\"portfolio-info\">\r\n\t\t\t<div class=\"portfolio-info-inner\">\r\n\t\t\t\t<h5><a class=\"title-link\" href=\"https:\/\/www.cotejardin.com\/en\/portfolio\/biosphere\/\" data-src=\"https:\/\/www.cotejardin.com\/wp-content\/uploads\/2022\/08\/biosphere54-min.jpg\" data-sub-html=\"Biosphere\">Biosphere<\/a><\/h5>\r\n\t\t\t\t<p class=\"portfolio-cates\"><a href=\"https:\/\/www.cotejardin.com\/en\/portfolio-category\/roofs-terraces\/\">Roofs &amp; Terraces<\/a><\/p> \r\n\t\t\t<\/div>\r\n\t\t\t<a class=\"overlay\" href=\"https:\/\/www.cotejardin.com\/en\/portfolio\/biosphere\/\"><\/a>\r\n\t\t<\/div>\r\n\t<\/div>\r\n<\/div><div class=\"project-item category-63 \">\r\n\t<div class=\"projects-box\">\r\n\t\t<div class=\"projects-thumbnail\" data-src=\"https:\/\/www.cotejardin.com\/wp-content\/uploads\/2022\/08\/CHUM_3.jpg\" data-sub-html=\"CHUM\">\r\n\t\t\t<a href=\"https:\/\/www.cotejardin.com\/en\/portfolio\/chum\/\">\r\n\t\t\t\t<img decoding=\"async\" width=\"720\" height=\"667\" src=\"https:\/\/www.cotejardin.com\/wp-content\/uploads\/2022\/08\/CHUM_3-720x667.jpg\" class=\"attachment-theratio-portfolio-thumbnail-grid size-theratio-portfolio-thumbnail-grid wp-post-image\" alt=\"\" loading=\"lazy\" \/>\t\t\t<\/a>\r\n\t\t\t<span class=\"overlay\">\r\n\t\t\t\t<h5>CHUM<\/h5>\r\n\t\t\t\t<i class=\"ot-flaticon-add\"><\/i>\r\n\t\t\t<\/span>\r\n\t\t<\/div>\r\n\t\t<div class=\"portfolio-info\">\r\n\t\t\t<div class=\"portfolio-info-inner\">\r\n\t\t\t\t<h5><a class=\"title-link\" href=\"https:\/\/www.cotejardin.com\/en\/portfolio\/chum\/\" data-src=\"https:\/\/www.cotejardin.com\/wp-content\/uploads\/2022\/08\/CHUM_3.jpg\" data-sub-html=\"CHUM\">CHUM<\/a><\/h5>\r\n\t\t\t\t<p class=\"portfolio-cates\"><a href=\"https:\/\/www.cotejardin.com\/en\/portfolio-category\/roofs-terraces\/\">Roofs &amp; Terraces<\/a><\/p> \r\n\t\t\t<\/div>\r\n\t\t\t<a class=\"overlay\" href=\"https:\/\/www.cotejardin.com\/en\/portfolio\/chum\/\"><\/a>\r\n\t\t<\/div>\r\n\t<\/div>\r\n<\/div><div class=\"project-item category-63 category-60 \">\r\n\t<div class=\"projects-box\">\r\n\t\t<div class=\"projects-thumbnail\" data-src=\"https:\/\/www.cotejardin.com\/wp-content\/uploads\/2022\/08\/MYST_04-1-min.jpg\" data-sub-html=\"Condo Myst\">\r\n\t\t\t<a href=\"https:\/\/www.cotejardin.com\/en\/portfolio\/condo-myst\/\">\r\n\t\t\t\t<img decoding=\"async\" width=\"720\" height=\"667\" src=\"https:\/\/www.cotejardin.com\/wp-content\/uploads\/2022\/08\/MYST_04-1-min-720x667.jpg\" class=\"attachment-theratio-portfolio-thumbnail-grid size-theratio-portfolio-thumbnail-grid wp-post-image\" alt=\"\" loading=\"lazy\" \/>\t\t\t<\/a>\r\n\t\t\t<span class=\"overlay\">\r\n\t\t\t\t<h5>Condo Myst<\/h5>\r\n\t\t\t\t<i class=\"ot-flaticon-add\"><\/i>\r\n\t\t\t<\/span>\r\n\t\t<\/div>\r\n\t\t<div class=\"portfolio-info\">\r\n\t\t\t<div class=\"portfolio-info-inner\">\r\n\t\t\t\t<h5><a class=\"title-link\" href=\"https:\/\/www.cotejardin.com\/en\/portfolio\/condo-myst\/\" data-src=\"https:\/\/www.cotejardin.com\/wp-content\/uploads\/2022\/08\/MYST_04-1-min.jpg\" data-sub-html=\"Condo Myst\">Condo Myst<\/a><\/h5>\r\n\t\t\t\t<p class=\"portfolio-cates\"><a href=\"https:\/\/www.cotejardin.com\/en\/portfolio-category\/roofs-terraces\/\">Roofs &amp; Terraces<\/a><a href=\"https:\/\/www.cotejardin.com\/en\/portfolio-category\/urban-planning\/\">Urban Planning<\/a><\/p> \r\n\t\t\t<\/div>\r\n\t\t\t<a class=\"overlay\" href=\"https:\/\/www.cotejardin.com\/en\/portfolio\/condo-myst\/\"><\/a>\r\n\t\t<\/div>\r\n\t<\/div>\r\n<\/div>\t\t\t<\/div>\r\n\r\n\t\t\t\t    <\/div>\r\n\t\t\t\t\t\t\t\t\t\t\r\n\t    \t\t\t\t<\/div>\n\t\t\t\t<\/div>\n\t\t\t\t<div class=\"elementor-element elementor-element-058b52d elementor-align-center elementor-widget elementor-widget-ibutton\" data-id=\"058b52d\" data-element_type=\"widget\" data-e-type=\"widget\" data-widget_type=\"ibutton.default\">\n\t\t\t\t<div class=\"elementor-widget-container\">\n\t\t\t\t\t\t\t<div class=\"ot-button\">\r\n\t\t\t<a href=\"https:\/\/cotejardin.com\/en\/our-projects\/\" class=\"octf-btn octf-btn-dark\">See more projects<\/a>\r\n\t    <\/div>\r\n\t    \t\t\t\t<\/div>\n\t\t\t\t<\/div>\n\t\t\t\t\t<\/div>\n\t\t<\/div>\n\t\t\t\t\t<\/div>\n\t\t<\/section>\n\t\t\t\t<\/div>\n\t\t","protected":false},"excerpt":{"rendered":"<p>Urban Planning Terraces &amp; roofing Civil Engineering Tree transplantation Are you planning a green roof, a green parking lot, urban tree planting, the preservation or transportation of mature trees, a or slope stabilization project? Once again, our teams and various collaborators can help you with practical and long-lasting solutions. Discover our projects of roofs &amp; [&hellip;]<\/p>\n","protected":false},"author":2,"featured_media":6531,"parent":0,"menu_order":0,"comment_status":"closed","ping_status":"closed","template":"","meta":{"bgseo_title":"","bgseo_description":"Do you have a green roof, green parking, reforestation, preservation or tree transplantation project? Our teams can help you.","bgseo_robots_index":"index","bgseo_robots_follow":"follow","footnotes":""},"class_list":["post-7334","page","type-page","status-publish","has-post-thumbnail","hentry"],"acf":[],"yoast_head":"<!-- This site is optimized with the Yoast SEO plugin v27.2 - https:\/\/yoast.com\/product\/yoast-seo-wordpress\/ -->\n<title>Condo Myst | Am\u00e9nagement C\u00f4t\u00e9 Jardin<\/title>\n<meta name=\"robots\" content=\"index, follow, max-snippet:-1, max-image-preview:large, max-video-preview:-1\" \/>\n<link rel=\"canonical\" href=\"https:\/\/www.cotejardin.com\/en\/roofs-terraces\/\" \/>\n<meta property=\"og:locale\" content=\"en_US\" \/>\n<meta property=\"og:type\" content=\"article\" \/>\n<meta property=\"og:title\" content=\"Roofs &amp; Terraces | Am\u00e9nagement C\u00f4t\u00e9 Jardin\" \/>\n<meta property=\"og:description\" content=\"Urban Planning Terraces &amp; roofing Civil Engineering Tree transplantation Are you planning a green roof, a green parking lot, urban tree planting, the preservation or transportation of mature trees, a or slope stabilization project? Once again, our teams and various collaborators can help you with practical and long-lasting solutions. Discover our projects of roofs &amp; [&hellip;]\" \/>\n<meta property=\"og:url\" content=\"https:\/\/www.cotejardin.com\/en\/roofs-terraces\/\" \/>\n<meta property=\"og:site_name\" content=\"Am\u00e9nagement C\u00f4t\u00e9 Jardin\" \/>\n<meta property=\"article:publisher\" content=\"https:\/\/www.facebook.com\/profile.php?id=100063735901557\" \/>\n<meta property=\"article:modified_time\" content=\"2023-04-26T14:52:40+00:00\" \/>\n<meta property=\"og:image\" content=\"https:\/\/www.cotejardin.com\/wp-content\/uploads\/2022\/05\/CESM-08-min.jpg\" \/>\n\t<meta property=\"og:image:width\" content=\"1000\" \/>\n\t<meta property=\"og:image:height\" content=\"667\" \/>\n\t<meta property=\"og:image:type\" content=\"image\/jpeg\" \/>\n<meta name=\"twitter:card\" content=\"summary_large_image\" \/>\n<script type=\"application\/ld+json\" class=\"yoast-schema-graph\">{\"@context\":\"https:\/\/schema.org\",\"@graph\":[{\"@type\":\"WebPage\",\"@id\":\"https:\/\/www.cotejardin.com\/en\/roofs-terraces\/\",\"url\":\"https:\/\/www.cotejardin.com\/en\/roofs-terraces\/\",\"name\":\"Roofs &amp; Terraces | Am\u00e9nagement C\u00f4t\u00e9 Jardin\",\"isPartOf\":{\"@id\":\"https:\/\/www.cotejardin.com\/#website\"},\"primaryImageOfPage\":{\"@id\":\"https:\/\/www.cotejardin.com\/en\/roofs-terraces\/#primaryimage\"},\"image\":{\"@id\":\"https:\/\/www.cotejardin.com\/en\/roofs-terraces\/#primaryimage\"},\"thumbnailUrl\":\"https:\/\/www.cotejardin.com\/wp-content\/uploads\/2022\/05\/CESM-08-min.jpg\",\"datePublished\":\"2022-04-12T16:05:07+00:00\",\"dateModified\":\"2023-04-26T14:52:40+00:00\",\"breadcrumb\":{\"@id\":\"https:\/\/www.cotejardin.com\/en\/roofs-terraces\/#breadcrumb\"},\"inLanguage\":\"en-US\",\"potentialAction\":[{\"@type\":\"ReadAction\",\"target\":[\"https:\/\/www.cotejardin.com\/en\/roofs-terraces\/\"]}]},{\"@type\":\"ImageObject\",\"inLanguage\":\"en-US\",\"@id\":\"https:\/\/www.cotejardin.com\/en\/roofs-terraces\/#primaryimage\",\"url\":\"https:\/\/www.cotejardin.com\/wp-content\/uploads\/2022\/05\/CESM-08-min.jpg\",\"contentUrl\":\"https:\/\/www.cotejardin.com\/wp-content\/uploads\/2022\/05\/CESM-08-min.jpg\",\"width\":1000,\"height\":667},{\"@type\":\"BreadcrumbList\",\"@id\":\"https:\/\/www.cotejardin.com\/en\/roofs-terraces\/#breadcrumb\",\"itemListElement\":[{\"@type\":\"ListItem\",\"position\":1,\"name\":\"Accueil\",\"item\":\"https:\/\/www.cotejardin.com\/en\/home-1\/\"},{\"@type\":\"ListItem\",\"position\":2,\"name\":\"Roofs &amp; Terraces\"}]},{\"@type\":\"WebSite\",\"@id\":\"https:\/\/www.cotejardin.com\/#website\",\"url\":\"https:\/\/www.cotejardin.com\/\",\"name\":\"Am\u00e9nagement C\u00f4t\u00e9 Jardin\",\"description\":\"Am\u00e9nagement paysager commercial, public et institutionnel\",\"publisher\":{\"@id\":\"https:\/\/www.cotejardin.com\/#organization\"},\"potentialAction\":[{\"@type\":\"SearchAction\",\"target\":{\"@type\":\"EntryPoint\",\"urlTemplate\":\"https:\/\/www.cotejardin.com\/?s={search_term_string}\"},\"query-input\":{\"@type\":\"PropertyValueSpecification\",\"valueRequired\":true,\"valueName\":\"search_term_string\"}}],\"inLanguage\":\"en-US\"},{\"@type\":\"Organization\",\"@id\":\"https:\/\/www.cotejardin.com\/#organization\",\"name\":\"Am\u00e9nagement C\u00f4t\u00e9 Jardin\",\"url\":\"https:\/\/www.cotejardin.com\/\",\"logo\":{\"@type\":\"ImageObject\",\"inLanguage\":\"en-US\",\"@id\":\"https:\/\/www.cotejardin.com\/#\/schema\/logo\/image\/\",\"url\":\"https:\/\/www.cotejardin.com\/wp-content\/uploads\/2020\/08\/cote_jardin_vertical_logo_couleurs_rvb_2000px@72ppi.png\",\"contentUrl\":\"https:\/\/www.cotejardin.com\/wp-content\/uploads\/2020\/08\/cote_jardin_vertical_logo_couleurs_rvb_2000px@72ppi.png\",\"width\":2000,\"height\":1128,\"caption\":\"Am\u00e9nagement C\u00f4t\u00e9 Jardin\"},\"image\":{\"@id\":\"https:\/\/www.cotejardin.com\/#\/schema\/logo\/image\/\"},\"sameAs\":[\"https:\/\/www.facebook.com\/profile.php?id=100063735901557\",\"https:\/\/www.linkedin.com\/company\/amenagement-cote-jardin-inc\/\"]}]}<\/script>\n<!-- \/ Yoast SEO plugin. -->","yoast_head_json":{"title":"Condo Myst | Am\u00e9nagement C\u00f4t\u00e9 Jardin","robots":{"index":"index","follow":"follow","max-snippet":"max-snippet:-1","max-image-preview":"max-image-preview:large","max-video-preview":"max-video-preview:-1"},"canonical":"https:\/\/www.cotejardin.com\/en\/roofs-terraces\/","og_locale":"en_US","og_type":"article","og_title":"Roofs &amp; Terraces | Am\u00e9nagement C\u00f4t\u00e9 Jardin","og_description":"Urban Planning Terraces &amp; roofing Civil Engineering Tree transplantation Are you planning a green roof, a green parking lot, urban tree planting, the preservation or transportation of mature trees, a or slope stabilization project? Once again, our teams and various collaborators can help you with practical and long-lasting solutions. Discover our projects of roofs &amp; [&hellip;]","og_url":"https:\/\/www.cotejardin.com\/en\/roofs-terraces\/","og_site_name":"Am\u00e9nagement C\u00f4t\u00e9 Jardin","article_publisher":"https:\/\/www.facebook.com\/profile.php?id=100063735901557","article_modified_time":"2023-04-26T14:52:40+00:00","og_image":[{"width":1000,"height":667,"url":"https:\/\/www.cotejardin.com\/wp-content\/uploads\/2022\/05\/CESM-08-min.jpg","type":"image\/jpeg"}],"twitter_card":"summary_large_image","schema":{"@context":"https:\/\/schema.org","@graph":[{"@type":"WebPage","@id":"https:\/\/www.cotejardin.com\/en\/roofs-terraces\/","url":"https:\/\/www.cotejardin.com\/en\/roofs-terraces\/","name":"Roofs &amp; Terraces | Am\u00e9nagement C\u00f4t\u00e9 Jardin","isPartOf":{"@id":"https:\/\/www.cotejardin.com\/#website"},"primaryImageOfPage":{"@id":"https:\/\/www.cotejardin.com\/en\/roofs-terraces\/#primaryimage"},"image":{"@id":"https:\/\/www.cotejardin.com\/en\/roofs-terraces\/#primaryimage"},"thumbnailUrl":"https:\/\/www.cotejardin.com\/wp-content\/uploads\/2022\/05\/CESM-08-min.jpg","datePublished":"2022-04-12T16:05:07+00:00","dateModified":"2023-04-26T14:52:40+00:00","breadcrumb":{"@id":"https:\/\/www.cotejardin.com\/en\/roofs-terraces\/#breadcrumb"},"inLanguage":"en-US","potentialAction":[{"@type":"ReadAction","target":["https:\/\/www.cotejardin.com\/en\/roofs-terraces\/"]}]},{"@type":"ImageObject","inLanguage":"en-US","@id":"https:\/\/www.cotejardin.com\/en\/roofs-terraces\/#primaryimage","url":"https:\/\/www.cotejardin.com\/wp-content\/uploads\/2022\/05\/CESM-08-min.jpg","contentUrl":"https:\/\/www.cotejardin.com\/wp-content\/uploads\/2022\/05\/CESM-08-min.jpg","width":1000,"height":667},{"@type":"BreadcrumbList","@id":"https:\/\/www.cotejardin.com\/en\/roofs-terraces\/#breadcrumb","itemListElement":[{"@type":"ListItem","position":1,"name":"Accueil","item":"https:\/\/www.cotejardin.com\/en\/home-1\/"},{"@type":"ListItem","position":2,"name":"Roofs &amp; Terraces"}]},{"@type":"WebSite","@id":"https:\/\/www.cotejardin.com\/#website","url":"https:\/\/www.cotejardin.com\/","name":"Am\u00e9nagement C\u00f4t\u00e9 Jardin","description":"Am\u00e9nagement paysager commercial, public et institutionnel","publisher":{"@id":"https:\/\/www.cotejardin.com\/#organization"},"potentialAction":[{"@type":"SearchAction","target":{"@type":"EntryPoint","urlTemplate":"https:\/\/www.cotejardin.com\/?s={search_term_string}"},"query-input":{"@type":"PropertyValueSpecification","valueRequired":true,"valueName":"search_term_string"}}],"inLanguage":"en-US"},{"@type":"Organization","@id":"https:\/\/www.cotejardin.com\/#organization","name":"Am\u00e9nagement C\u00f4t\u00e9 Jardin","url":"https:\/\/www.cotejardin.com\/","logo":{"@type":"ImageObject","inLanguage":"en-US","@id":"https:\/\/www.cotejardin.com\/#\/schema\/logo\/image\/","url":"https:\/\/www.cotejardin.com\/wp-content\/uploads\/2020\/08\/cote_jardin_vertical_logo_couleurs_rvb_2000px@72ppi.png","contentUrl":"https:\/\/www.cotejardin.com\/wp-content\/uploads\/2020\/08\/cote_jardin_vertical_logo_couleurs_rvb_2000px@72ppi.png","width":2000,"height":1128,"caption":"Am\u00e9nagement C\u00f4t\u00e9 Jardin"},"image":{"@id":"https:\/\/www.cotejardin.com\/#\/schema\/logo\/image\/"},"sameAs":["https:\/\/www.facebook.com\/profile.php?id=100063735901557","https:\/\/www.linkedin.com\/company\/amenagement-cote-jardin-inc\/"]}]}},"_links":{"self":[{"href":"https:\/\/www.cotejardin.com\/en\/wp-json\/wp\/v2\/pages\/7334","targetHints":{"allow":["GET"]}}],"collection":[{"href":"https:\/\/www.cotejardin.com\/en\/wp-json\/wp\/v2\/pages"}],"about":[{"href":"https:\/\/www.cotejardin.com\/en\/wp-json\/wp\/v2\/types\/page"}],"author":[{"embeddable":true,"href":"https:\/\/www.cotejardin.com\/en\/wp-json\/wp\/v2\/users\/2"}],"replies":[{"embeddable":true,"href":"https:\/\/www.cotejardin.com\/en\/wp-json\/wp\/v2\/comments?post=7334"}],"version-history":[{"count":33,"href":"https:\/\/www.cotejardin.com\/en\/wp-json\/wp\/v2\/pages\/7334\/revisions"}],"predecessor-version":[{"id":8248,"href":"https:\/\/www.cotejardin.com\/en\/wp-json\/wp\/v2\/pages\/7334\/revisions\/8248"}],"wp:featuredmedia":[{"embeddable":true,"href":"https:\/\/www.cotejardin.com\/en\/wp-json\/wp\/v2\/media\/6531"}],"wp:attachment":[{"href":"https:\/\/www.cotejardin.com\/en\/wp-json\/wp\/v2\/media?parent=7334"}],"curies":[{"name":"wp","href":"https:\/\/api.w.org\/{rel}","templated":true}]}}